{"id":26,"date":"2025-09-22T14:27:28","date_gmt":"2025-09-22T11:27:28","guid":{"rendered":"http:\/\/w2.ernis.lv\/contact\/"},"modified":"2025-12-04T23:41:18","modified_gmt":"2025-12-04T21:41:18","slug":"contact","status":"publish","type":"page","link":"https:\/\/ernis.lv\/ru\/contact\/","title":{"rendered":"\u041a\u043e\u043d\u0442\u0430\u043a\u0442\u044b"},"content":{"rendered":"\n<p class=\"has-text-align-center has-white-color has-text-color has-link-color wp-elements-fd99c80e0f294c332163140b1bf01035\" style=\"font-size:18px\"><strong>SIA ERNIS \u0432\u0440\u0435\u043c\u044f \u0440\u0430\u0431\u043e\u0442\u044b<\/strong><br>\u041f\u043e\u043d\u0435\u0434\u0435\u043b\u044c\u043d\u0438\u043a: 10:00 &#8212; 20:00<br>\u0412\u0442\u043e\u0440\u043d\u0438\u043a: 10:00 &#8212; 20:00<br>\u0421\u0440\u0435\u0434\u0430: 10:00 &#8212; 20:00<br>\u0427\u0435\u0442\u0432\u0435\u0440\u0433: 10:00 &#8212; 20.00<br>\u041f\u044f\u0442\u043d\u0438\u0446\u0430: 10:00 &#8212; 20.00<br>\u0421\u0443\u0431\u0431\u043e\u0442\u0430: 10:00 &#8212; 18.00<br>\u0412\u043e\u0441\u043a\u0440\u0435\u0441\u0435\u043d\u044c\u0435: 10:00 &#8212; 18:00<\/p>\n\n\n<div style=\"margin-top: 80px;\"><\/div>\n\n\n\n<p class=\"has-white-color has-text-color has-link-color has-medium-font-size wp-elements-9f04f4003078c35ac09af281cbd01c82\"><strong>\u041a\u043e\u043d\u0442\u0430\u043a\u0442\u043d\u0430\u044f \u0438\u043d\u0444\u043e\u0440\u043c\u0430\u0446\u0438\u044f<\/strong><\/p>\n\n\n\n<figure class=\"wp-block-table is-style-regular\" style=\"font-size:18px\"><table class=\"has-white-color has-text-color has-link-color has-fixed-layout\"><thead><tr><th class=\"has-text-align-center\" data-align=\"center\">\u041e\u0442\u0434\u0435\u043b<\/th><th class=\"has-text-align-center\" data-align=\"center\">\u0422\u0435\u043b\u0435\u0444\u043e\u043d<\/th><th class=\"has-text-align-center\" data-align=\"center\">\u042d-\u041f\u043e\u0447\u0442\u0430<\/th><\/tr><\/thead><tbody><tr><td class=\"has-text-align-center\" data-align=\"center\">\u0422\u0435\u0445\u043d\u0438\u0447\u0435\u0441\u043a\u0438\u0439 \u043e\u0442\u0434\u0435\u043b:<\/td><td class=\"has-text-align-center\" data-align=\"center\">29828712<\/td><td class=\"has-text-align-center\" data-align=\"center\">info@ernis.lv<\/td><\/tr><tr><td class=\"has-text-align-center\" data-align=\"center\">\u041d\u043e\u0432\u043e\u0435 \u043f\u043e\u0434\u043a\u043b\u044e\u0447\u0435\u043d\u0438\u0435:<\/td><td class=\"has-text-align-center\" data-align=\"center\">20000040<\/td><td class=\"has-text-align-center\" data-align=\"center\">info@ernis.lv<\/td><\/tr><tr><td class=\"has-text-align-center\" data-align=\"center\">\u0411\u0443\u0445\u0433\u0430\u043b\u0442\u0435\u0440\u0438\u044f:<\/td><td class=\"has-text-align-center\" data-align=\"center\">26778169<\/td><td class=\"has-text-align-center\" data-align=\"center\">rekini@ernis.lv<\/td><\/tr><\/tbody><\/table><\/figure>\n\n\n<div style=\"margin-top: 80px;\"><\/div>\n\n\n\n<p class=\"has-white-color has-text-color has-link-color has-medium-font-size wp-elements-541cc9bbced92626332855dda3a855fd\"><strong>\u041d\u0430\u0448\u0438 \u0440\u0435\u043a\u0432\u0438\u0437\u0438\u0442\u044b:<\/strong><\/p>\n\n\n\n<figure class=\"wp-block-table is-style-regular\" style=\"font-size:18px\"><table class=\"has-white-color has-text-color has-link-color has-fixed-layout\"><tbody><tr><td><\/td><td><strong>SIA \u201cErnis\u201d<\/strong><\/td><\/tr><tr><td>\u0420\u0435\u0433\u0438\u0441\u0442\u0440\u0430\u0446\u0438\u043e\u043d\u043d\u044b\u0439 \u043d\u043e\u043c\u0435\u0440:<\/td><td><strong>40003308263<\/strong><\/td><\/tr><tr><td>\u042e\u0440\u0438\u0434\u0438\u0447\u0435\u0441\u043a\u0438\u0439 \u0430\u0434\u0440\u0435\u0441:<\/td><td><strong>R\u012bga, Kri\u0161j\u0101\u0146a Valdem\u0101ra iela 17-9, LV-1010<\/strong><\/td><\/tr><tr><td>\u0411\u0430\u043d\u043a<\/td><td><strong>A\/S SEB Banka<\/strong><\/td><\/tr><tr><td>\u0420\u0430\u0441\u0447\u0435\u0442\u043d\u044b\u0439 \u043d\u043e\u043c\u0435\u0440<\/td><td><strong>LV86UNLA0050005040684<\/strong><\/td><\/tr><tr><td>SWIFT BIC<\/td><td><strong>UNLALV2X<\/strong><\/td><\/tr><\/tbody><\/table><\/figure>\n\n\n<div style=\"margin-top: 100px;\"><\/div>\n\n\n\n<p><\/p>\n","protected":false},"excerpt":{"rendered":"<p>SIA ERNIS \u0432\u0440\u0435\u043c\u044f \u0440\u0430\u0431\u043e\u0442\u044b\u041f\u043e\u043d\u0435\u0434\u0435\u043b\u044c\u043d\u0438\u043a: 10:00 &#8212; 20:00\u0412\u0442\u043e\u0440\u043d\u0438\u043a: 10:00 &#8212; 20:00\u0421\u0440\u0435\u0434\u0430: 10:00 &#8212; 20:00\u0427\u0435\u0442\u0432\u0435\u0440\u0433: 10:00 &#8212; 20.00\u041f\u044f\u0442\u043d\u0438\u0446\u0430: 10:00 &#8212; 20.00\u0421\u0443\u0431\u0431\u043e\u0442\u0430: 10:00 &#8212; 18.00\u0412\u043e\u0441\u043a\u0440\u0435\u0441\u0435\u043d\u044c\u0435: 10:00 &#8212; 18:00 \u041a\u043e\u043d\u0442\u0430\u043a\u0442\u043d\u0430\u044f \u0438\u043d\u0444\u043e\u0440\u043c\u0430\u0446\u0438\u044f \u041e\u0442\u0434\u0435\u043b \u0422\u0435\u043b\u0435\u0444\u043e\u043d \u042d-\u041f\u043e\u0447\u0442\u0430 \u0422\u0435\u0445\u043d\u0438\u0447\u0435\u0441\u043a\u0438\u0439 \u043e\u0442\u0434\u0435\u043b: 29828712 info@ernis.lv \u041d\u043e\u0432\u043e\u0435 \u043f\u043e\u0434\u043a\u043b\u044e\u0447\u0435\u043d\u0438\u0435: 20000040 info@ernis.lv \u0411\u0443\u0445\u0433\u0430\u043b\u0442\u0435\u0440\u0438\u044f: 26778169 rekini@ernis.lv \u041d\u0430\u0448\u0438 \u0440\u0435\u043a\u0432\u0438\u0437\u0438\u0442\u044b: SIA \u201cErnis\u201d \u0420\u0435\u0433\u0438\u0441\u0442\u0440\u0430\u0446\u0438\u043e\u043d\u043d\u044b\u0439 \u043d\u043e\u043c\u0435\u0440: 40003308263 \u042e\u0440\u0438\u0434\u0438\u0447\u0435\u0441\u043a\u0438\u0439 \u0430\u0434\u0440\u0435\u0441: R\u012bga, Kri\u0161j\u0101\u0146a Valdem\u0101ra iela 17-9, &hellip; <\/p>\n<p class=\"link-more\"><a href=\"https:\/\/ernis.lv\/ru\/contact\/\" class=\"more-link\">Continue reading<span class=\"screen-reader-text\"> &#171;\u041a\u043e\u043d\u0442\u0430\u043a\u0442\u044b&#187;<\/span><\/a><\/p>\n","protected":false},"author":1,"featured_media":0,"parent":0,"menu_order":0,"comment_status":"closed","ping_status":"closed","template":"page-template\/simple-post-page.php","meta":{"_acf_changed":false,"om_disable_all_campaigns":false,"_monsterinsights_skip_tracking":false,"_monsterinsights_sitenote_active":false,"_monsterinsights_sitenote_note":"","_monsterinsights_sitenote_category":0,"footnotes":""},"class_list":["post-26","page","type-page","status-publish","hentry"],"acf":[],"aioseo_notices":[],"_links":{"self":[{"href":"https:\/\/ernis.lv\/ru\/wp-json\/wp\/v2\/pages\/26","targetHints":{"allow":["GET"]}}],"collection":[{"href":"https:\/\/ernis.lv\/ru\/wp-json\/wp\/v2\/pages"}],"about":[{"href":"https:\/\/ernis.lv\/ru\/wp-json\/wp\/v2\/types\/page"}],"author":[{"embeddable":true,"href":"https:\/\/ernis.lv\/ru\/wp-json\/wp\/v2\/users\/1"}],"replies":[{"embeddable":true,"href":"https:\/\/ernis.lv\/ru\/wp-json\/wp\/v2\/comments?post=26"}],"version-history":[{"count":19,"href":"https:\/\/ernis.lv\/ru\/wp-json\/wp\/v2\/pages\/26\/revisions"}],"predecessor-version":[{"id":624,"href":"https:\/\/ernis.lv\/ru\/wp-json\/wp\/v2\/pages\/26\/revisions\/624"}],"wp:attachment":[{"href":"https:\/\/ernis.lv\/ru\/wp-json\/wp\/v2\/media?parent=26"}],"curies":[{"name":"wp","href":"https:\/\/api.w.org\/{rel}","templated":true}]}}