{"id":78,"date":"2025-09-22T14:27:40","date_gmt":"2025-09-22T11:27:40","guid":{"rendered":"http:\/\/w2.ernis.lv\/pricing\/"},"modified":"2025-12-04T22:56:40","modified_gmt":"2025-12-04T20:56:40","slug":"pricing","status":"publish","type":"page","link":"https:\/\/ernis.lv\/ru\/pricing\/","title":{"rendered":"\u0422\u0430\u0440\u0438\u0444\u044b"},"content":{"rendered":"\n<p class=\"has-text-align-center has-white-color has-text-color has-link-color wp-elements-da93692eb518024c1481b7b34220701a\"><strong>\u0422\u0430\u0440\u0438\u0444\u044b \u043d\u0430 \u0434\u043e\u043c\u0430\u0448\u043d\u0438\u0439 \u0438\u043d\u0442\u0435\u0440\u043d\u0435\u0442 \u043e\u0442 SIA ERNIS \u0440\u0430\u0437\u043b\u0438\u0447\u0430\u044e\u0442\u0441\u044f \u0432 \u0437\u0430\u0432\u0438\u0441\u0438\u043c\u043e\u0441\u0442\u0438 \u043e\u0442 \u043c\u0438\u043a\u0440\u043e\u0440\u0430\u0439\u043e\u043d\u0430 \u0420\u0438\u0433\u0438.<br>\u041d\u0438\u0436\u0435 \u043f\u0440\u0438\u0432\u0435\u0434\u0435\u043d\u044b \u0442\u0430\u0440\u0438\u0444\u044b \u0434\u043b\u044f \u0440\u0430\u0437\u043b\u0438\u0447\u043d\u044b\u0445 \u0440\u0430\u0439\u043e\u043d\u043e\u0432 \u0420\u0438\u0433\u0438.<\/strong><\/p>\n\n\n\n<p class=\"has-text-align-center\"><\/p>\n\n\n\n<figure class=\"wp-block-image size-full\"><img loading=\"lazy\" decoding=\"async\" width=\"2560\" height=\"1707\" src=\"http:\/\/w2.ernis.lv\/wp-content\/uploads\/2025\/10\/iStock-1304021745-1-scaled.jpg\" alt=\"\" class=\"wp-image-409\" srcset=\"https:\/\/ernis.lv\/ru\/wp-content\/uploads\/2025\/10\/iStock-1304021745-1-scaled.jpg 2560w, https:\/\/ernis.lv\/ru\/wp-content\/uploads\/2025\/10\/iStock-1304021745-1-300x200.jpg 300w, https:\/\/ernis.lv\/ru\/wp-content\/uploads\/2025\/10\/iStock-1304021745-1-1024x683.jpg 1024w, https:\/\/ernis.lv\/ru\/wp-content\/uploads\/2025\/10\/iStock-1304021745-1-768x512.jpg 768w, https:\/\/ernis.lv\/ru\/wp-content\/uploads\/2025\/10\/iStock-1304021745-1-1536x1024.jpg 1536w, https:\/\/ernis.lv\/ru\/wp-content\/uploads\/2025\/10\/iStock-1304021745-1-2048x1365.jpg 2048w, https:\/\/ernis.lv\/ru\/wp-content\/uploads\/2025\/10\/iStock-1304021745-1-600x400.jpg 600w\" sizes=\"auto, (max-width: 2560px) 100vw, 2560px\" \/><\/figure>\n\n\n\n<p class=\"has-text-align-center has-white-color has-text-color has-link-color wp-elements-c6c9b0518606a248f4196f1e6791871e\"><strong>Aplokciems, \u010ciekurkalns, Imanta, M\u012blgr\u0101vis, P\u0113tersala, Sarkandaugava<\/strong><br>\u0418\u043d\u0442\u0435\u0440\u043d\u0435\u0442 \u0434\u043e100 Mbit &#8212; 7.99 EUR \u0432 \u043c\u0435\u0441\u044f\u0446 \u043f\u043e \u0431\u0435\u0441\u0441\u0440\u043e\u0447\u043d\u043e\u043c\u0443 \u0434\u043e\u0433\u043e\u0432\u043e\u0440\u0443.<br>\u0418\u043d\u0442\u0435\u0440\u043d\u0435\u0442 \u0434\u043e 250 Mbit &#8212; 9.99 EUR \u0432 \u043c\u0435\u0441\u044f\u0446 \u043f\u043e \u0431\u0435\u0441\u0441\u0440\u043e\u0447\u043d\u043e\u043c\u0443 \u0434\u043e\u0433\u043e\u0432\u043e\u0440\u0443.<br>\u0418\u043d\u0442\u0435\u0440\u043d\u0435\u0442 \u0434\u043e 1000 Mbit &#8212; 11.99 EUR \u0432 \u043c\u0435\u0441\u044f\u0446 \u043f\u043e \u0431\u0435\u0441\u0441\u0440\u043e\u0447\u043d\u043e\u043c\u0443 \u0434\u043e\u0433\u043e\u0432\u043e\u0440\u0443.<br><br><strong>Bolder\u0101ja, Centrs, D\u0101rzciems, Gr\u012bzi\u0146kalns, <strong>I\u013c\u0123uciems, Jugla, \u0136engarags, Lagtale, <strong>Me\u017eciems, <\/strong>P\u013cavnieki, Purvciems,<\/strong><\/strong> <strong>Teika<\/strong>, <strong>V\u0113cm\u012blgr\u0101vis<\/strong>, <strong>Ziepniekkalns, Zol\u012btude. <\/strong><br>\u0418\u043d\u0442\u0435\u0440\u043d\u0435\u0442 \u0434\u043e 100 Mbit &#8212; 8.99 EUR \u0432 \u043c\u0435\u0441\u044f\u0446 \u043f\u043e \u0431\u0435\u0441\u0441\u0440\u043e\u0447\u043d\u043e\u043c\u0443 \u0434\u043e\u0433\u043e\u0432\u043e\u0440\u0443.<br>\u0418\u043d\u0442\u0435\u0440\u043d\u0435\u0442 \u0434\u043e Mbit &#8212; 10.99 EUR \u0432 \u043c\u0435\u0441\u044f\u0446 \u043f\u043e \u0431\u0435\u0441\u0441\u0440\u043e\u0447\u043d\u043e\u043c\u0443 \u0434\u043e\u0433\u043e\u0432\u043e\u0440\u0443.<br>\u0418\u043d\u0442\u0435\u0440\u043d\u0435\u0442 \u0434\u043e 1000 Mbit &#8212; 12.99 EUR \u0432 \u043c\u0435\u0441\u044f\u0446 \u043f\u043e \u0431\u0435\u0441\u0441\u0440\u043e\u0447\u043d\u043e\u043c\u0443 \u0434\u043e\u0433\u043e\u0432\u043e\u0440\u0443.<br><br><strong>Jaunciems<\/strong><br>\u0418\u043d\u0442\u0435\u0440\u043d\u0435\u0442 \u0434\u043e 100 Mbit &#8212; 8.99 EUR \u0432 \u043c\u0435\u0441\u044f\u0446 \u043f\u043e \u0431\u0435\u0441\u0441\u0440\u043e\u0447\u043d\u043e\u043c\u0443 \u0434\u043e\u0433\u043e\u0432\u043e\u0440\u0443.<br>\u0418\u043d\u0442\u0435\u0440\u043d\u0435\u0442 \u0434\u043e 250 Mbit &#8212; 11.99 EUR \u0432 \u043c\u0435\u0441\u044f\u0446 \u043f\u043e \u0431\u0435\u0441\u0441\u0440\u043e\u0447\u043d\u043e\u043c\u0443 \u0434\u043e\u0433\u043e\u0432\u043e\u0440\u0443.<br>\u0418\u043d\u0442\u0435\u0440\u043d\u0435\u0442 \u0434\u043e 500 Mbit &#8212; 14.99 EUR \u0432 \u043c\u0435\u0441\u044f\u0446 \u043f\u043e \u0431\u0435\u0441\u0441\u0440\u043e\u0447\u043d\u043e\u043c\u0443 \u0434\u043e\u0433\u043e\u0432\u043e\u0440\u0443.<br><br><strong>Su\u017ei<\/strong><br>\u0418\u043d\u0442\u0435\u0440\u043d\u0435\u0442 \u0434\u043e 100 Mbit &#8212; 9.99 EUR \u0432 \u043c\u0435\u0441\u044f\u0446 \u043f\u043e \u0431\u0435\u0441\u0441\u0440\u043e\u0447\u043d\u043e\u043c\u0443 \u0434\u043e\u0433\u043e\u0432\u043e\u0440\u0443.<br>\u0418\u043d\u0442\u0435\u0440\u043d\u0435\u0442 \u0434\u043e 250 Mbit &#8212; 11.99 EUR \u0432 \u043c\u0435\u0441\u044f\u0446 \u043f\u043e \u0431\u0435\u0441\u0441\u0440\u043e\u0447\u043d\u043e\u043c\u0443 \u0434\u043e\u0433\u043e\u0432\u043e\u0440\u0443.<br><br><strong>Daugavgr\u012bva, Kundzi\u0146sala, Voleri<\/strong><br>\u0418\u043d\u0442\u0435\u0440\u043d\u0435\u0442 \u0434\u043e 100 Mbit &#8212; 14.99 EUR \u043f\u043e \u0431\u0435\u0441\u0441\u0440\u043e\u0447\u043d\u043e\u043c\u0443 \u0434\u043e\u0433\u043e\u0432\u043e\u0440\u0443.<br>\u0418\u043d\u0442\u0435\u0440\u043d\u0435\u0442 \u0434\u043e 1000 Mbit &#8212; 19.99 EUR \u043f\u043e \u0431\u0435\u0441\u0441\u0440\u043e\u0447\u043d\u043e\u043c\u0443 \u0434\u043e\u0433\u043e\u0432\u043e\u0440\u0443.<br><a href=\"http:\/\/w2.ernis.lv\/tarifi\/\"><br><\/a><strong>\u0427\u0430\u0441\u0442\u043d\u044b\u0439 \u0434\u043e\u043c<\/strong><br>\u0418\u043d\u0442\u0435\u0440\u043d\u0435\u0442 \u0434\u043e 100 Mbit &#8212; 15.00 EUR \u043f\u043e \u0431\u0435\u0441\u0441\u0440\u043e\u0447\u043d\u043e\u043c\u0443 \u0434\u043e\u0433\u043e\u0432\u043e\u0440\u0443.<br>\u0418\u043d\u0442\u0435\u0440\u043d\u0435\u0442 \u0434\u043e 250 Mbit &#8212; 20.00 EUR \u043f\u043e \u0431\u0435\u0441\u0441\u0440\u043e\u0447\u043d\u043e\u043c\u0443 \u0434\u043e\u0433\u043e\u0432\u043e\u0440\u0443.<br>\u0418\u043d\u0442\u0435\u0440\u043d\u0435\u0442 \u0434\u043e 500 Mbit &#8212; 25.00 EUR \u043f\u043e \u0431\u0435\u0441\u0441\u0440\u043e\u0447\u043d\u043e\u043c\u0443 \u0434\u043e\u0433\u043e\u0432\u043e\u0440\u0443.<br>\u0418\u043d\u0442\u0435\u0440\u043d\u0435\u0442 \u0434\u043e 1000 Mbit &#8212; 30.00 EUR \u043f\u043e \u0431\u0435\u0441\u0441\u0440\u043e\u0447\u043d\u043e\u043c\u0443 \u0434\u043e\u0433\u043e\u0432\u043e\u0440\u0443.<\/p>\n\n\n\n<figure class=\"wp-block-image size-full\"><img loading=\"lazy\" decoding=\"async\" width=\"2560\" height=\"1707\" src=\"http:\/\/w2.ernis.lv\/wp-content\/uploads\/2025\/10\/iStock-665001556-scaled.jpg\" alt=\"\" class=\"wp-image-475\" srcset=\"https:\/\/ernis.lv\/ru\/wp-content\/uploads\/2025\/10\/iStock-665001556-scaled.jpg 2560w, https:\/\/ernis.lv\/ru\/wp-content\/uploads\/2025\/10\/iStock-665001556-300x200.jpg 300w, https:\/\/ernis.lv\/ru\/wp-content\/uploads\/2025\/10\/iStock-665001556-1024x683.jpg 1024w, https:\/\/ernis.lv\/ru\/wp-content\/uploads\/2025\/10\/iStock-665001556-768x512.jpg 768w, https:\/\/ernis.lv\/ru\/wp-content\/uploads\/2025\/10\/iStock-665001556-1536x1024.jpg 1536w, https:\/\/ernis.lv\/ru\/wp-content\/uploads\/2025\/10\/iStock-665001556-2048x1365.jpg 2048w, https:\/\/ernis.lv\/ru\/wp-content\/uploads\/2025\/10\/iStock-665001556-600x400.jpg 600w\" sizes=\"auto, (max-width: 2560px) 100vw, 2560px\" \/><\/figure>\n\n\n\n<p><\/p>\n","protected":false},"excerpt":{"rendered":"<p>\u0422\u0430\u0440\u0438\u0444\u044b \u043d\u0430 \u0434\u043e\u043c\u0430\u0448\u043d\u0438\u0439 \u0438\u043d\u0442\u0435\u0440\u043d\u0435\u0442 \u043e\u0442 SIA ERNIS \u0440\u0430\u0437\u043b\u0438\u0447\u0430\u044e\u0442\u0441\u044f \u0432 \u0437\u0430\u0432\u0438\u0441\u0438\u043c\u043e\u0441\u0442\u0438 \u043e\u0442 \u043c\u0438\u043a\u0440\u043e\u0440\u0430\u0439\u043e\u043d\u0430 \u0420\u0438\u0433\u0438.\u041d\u0438\u0436\u0435 \u043f\u0440\u0438\u0432\u0435\u0434\u0435\u043d\u044b \u0442\u0430\u0440\u0438\u0444\u044b \u0434\u043b\u044f \u0440\u0430\u0437\u043b\u0438\u0447\u043d\u044b\u0445 \u0440\u0430\u0439\u043e\u043d\u043e\u0432 \u0420\u0438\u0433\u0438. Aplokciems, \u010ciekurkalns, Imanta, M\u012blgr\u0101vis, P\u0113tersala, Sarkandaugava\u0418\u043d\u0442\u0435\u0440\u043d\u0435\u0442 \u0434\u043e100 Mbit &#8212; 7.99 EUR \u0432 \u043c\u0435\u0441\u044f\u0446 \u043f\u043e \u0431\u0435\u0441\u0441\u0440\u043e\u0447\u043d\u043e\u043c\u0443 \u0434\u043e\u0433\u043e\u0432\u043e\u0440\u0443.\u0418\u043d\u0442\u0435\u0440\u043d\u0435\u0442 \u0434\u043e 250 Mbit &#8212; 9.99 EUR \u0432 \u043c\u0435\u0441\u044f\u0446 \u043f\u043e \u0431\u0435\u0441\u0441\u0440\u043e\u0447\u043d\u043e\u043c\u0443 \u0434\u043e\u0433\u043e\u0432\u043e\u0440\u0443.\u0418\u043d\u0442\u0435\u0440\u043d\u0435\u0442 \u0434\u043e 1000 Mbit &#8212; 11.99 EUR \u0432 \u043c\u0435\u0441\u044f\u0446 \u043f\u043e &hellip; <\/p>\n<p class=\"link-more\"><a href=\"https:\/\/ernis.lv\/ru\/pricing\/\" class=\"more-link\">Continue reading<span class=\"screen-reader-text\"> &#171;\u0422\u0430\u0440\u0438\u0444\u044b&#187;<\/span><\/a><\/p>\n","protected":false},"author":1,"featured_media":0,"parent":0,"menu_order":1,"comment_status":"closed","ping_status":"closed","template":"page-template\/simple-post-page.php","meta":{"_acf_changed":false,"om_disable_all_campaigns":false,"_monsterinsights_skip_tracking":false,"_monsterinsights_sitenote_active":false,"_monsterinsights_sitenote_note":"","_monsterinsights_sitenote_category":0,"footnotes":""},"class_list":["post-78","page","type-page","status-publish","hentry"],"acf":[],"aioseo_notices":[],"_links":{"self":[{"href":"https:\/\/ernis.lv\/ru\/wp-json\/wp\/v2\/pages\/78","targetHints":{"allow":["GET"]}}],"collection":[{"href":"https:\/\/ernis.lv\/ru\/wp-json\/wp\/v2\/pages"}],"about":[{"href":"https:\/\/ernis.lv\/ru\/wp-json\/wp\/v2\/types\/page"}],"author":[{"embeddable":true,"href":"https:\/\/ernis.lv\/ru\/wp-json\/wp\/v2\/users\/1"}],"replies":[{"embeddable":true,"href":"https:\/\/ernis.lv\/ru\/wp-json\/wp\/v2\/comments?post=78"}],"version-history":[{"count":29,"href":"https:\/\/ernis.lv\/ru\/wp-json\/wp\/v2\/pages\/78\/revisions"}],"predecessor-version":[{"id":613,"href":"https:\/\/ernis.lv\/ru\/wp-json\/wp\/v2\/pages\/78\/revisions\/613"}],"wp:attachment":[{"href":"https:\/\/ernis.lv\/ru\/wp-json\/wp\/v2\/media?parent=78"}],"curies":[{"name":"wp","href":"https:\/\/api.w.org\/{rel}","templated":true}]}}